{"id":2,"date":"2020-05-03T19:58:53","date_gmt":"2020-05-03T19:58:53","guid":{"rendered":"http:\/\/madhyamaka.ru\/\/?page_id=2"},"modified":"2021-04-07T10:06:19","modified_gmt":"2021-04-07T10:06:19","slug":"sample-page","status":"publish","type":"page","link":"https:\/\/madhyamaka.ru\/","title":{"rendered":"\u041a\u043e\u0440\u043d\u0435\u0432\u044b\u0435 \u0441\u0442\u0440\u043e\u0444\u044b \u043e \u0441\u0440\u0435\u0434\u0438\u043d\u043d\u043e\u043c \u043f\u0443\u0442\u0438"},"content":{"rendered":"\n<p>\u041f\u0435\u0440\u0435\u0432\u043e\u0434 \u0441 \u0441\u0430\u043d\u0441\u043a\u0440\u0438\u0442\u0430 \u0438 \u043a\u043e\u043c\u043c\u0435\u043d\u0442\u0430\u0440\u0438\u0438: \u0410\u043b\u0435\u043a\u0441\u0435\u0439 \u0424\u0443\u0440\u043c\u0430\u043d<\/p>\n\n\n\n<p class=\"has-text-align-center\"><strong>\u092e\u0942\u0932\u092e\u0927\u094d\u092f\u092e\u0915\u0915\u093e\u0930\u093f\u0915\u093e\u0903<\/strong><br><strong>m\u016blamadhyamakak\u0101rik\u0101\u1e25<\/strong><\/p>\n\n\n\n<p><strong>\u041d\u0430\u0433\u0430\u0440\u0434\u0436\u0443\u043d\u0430 (\u043e\u043a. 150 &#8211; \u043e\u043a. 250 \u0433. \u043d.\u044d.)&nbsp; \u0448\u0438\u0440\u043e\u043a\u043e \u0441\u0447\u0438\u0442\u0430\u0435\u0442\u0441\u044f \u043e\u0434\u043d\u0438\u043c \u0438\u0437 \u043d\u0430\u0438\u0431\u043e\u043b\u0435\u0435 \u0432\u0430\u0436\u043d\u044b\u0445 \u0431\u0443\u0434\u0434\u0438\u0439\u0441\u043a\u0438\u0445 \u0444\u0438\u043b\u043e\u0441\u043e\u0444\u043e\u0432. \u0412\u043c\u0435\u0441\u0442\u0435 \u0441\u043e \u0441\u0432\u043e\u0438\u043c \u0443\u0447\u0435\u043d\u0438\u043a\u043e\u043c \u0410\u0440\u044c\u044f\u0434\u0435\u0432\u043e\u0439 \u043e\u043d \u0441\u0447\u0438\u0442\u0430\u0435\u0442\u0441\u044f \u043e\u0441\u043d\u043e\u0432\u0430\u0442\u0435\u043b\u0435\u043c \u0448\u043a\u043e\u043b\u044b \u043c\u0430\u0434\u0445\u044c\u044f\u043c\u0430\u043a\u0438 \u0431\u0443\u0434\u0434\u0438\u0437\u043c\u0430 \u041c\u0430\u0445\u0430\u044f\u043d\u044b. \u041d\u0430\u0433\u0430\u0440\u0434\u0436\u0443\u043d\u0435 \u0442\u0430\u043a\u0436\u0435 \u043f\u0440\u0438\u043f\u0438\u0441\u044b\u0432\u0430\u044e\u0442 \u0440\u0430\u0437\u0432\u0438\u0442\u0438\u0435 \u0444\u0438\u043b\u043e\u0441\u043e\u0444\u0438\u0438 \u0441\u0443\u0442\u0440 \u041f\u0440\u0430\u0434\u0436\u043d\u044f\u043f\u0430\u0440\u0430\u043c\u0438\u0442\u044b \u0438, \u0432 \u043d\u0435\u043a\u043e\u0442\u043e\u0440\u044b\u0445 \u0438\u0441\u0442\u043e\u0447\u043d\u0438\u043a\u0430\u0445, \u043e\u0442\u043a\u0440\u044b\u0442\u0438\u0435 \u044d\u0442\u0438\u0445 \u0441\u0432\u044f\u0449\u0435\u043d\u043d\u044b\u0445 \u043f\u0438\u0441\u0430\u043d\u0438\u0439 \u0432 \u043c\u0438\u0440\u0435, \u0438\u0437\u0432\u043b\u0435\u0447\u0435\u043d\u0438\u0435 \u0438\u0445 \u0438\u0437 \u043d\u0430\u0433\u043e\u0432 (\u0432\u043e\u0434\u044f\u043d\u044b\u0445 \u0434\u0443\u0445\u043e\u0432, \u0447\u0430\u0441\u0442\u043e \u0438\u0437\u043e\u0431\u0440\u0430\u0436\u0430\u0435\u043c\u044b\u0445 \u0432 \u0432\u0438\u0434\u0435 \u0437\u043c\u0435\u0435\u043f\u043e\u0434\u043e\u0431\u043d\u044b\u0445 \u043b\u044e\u0434\u0435\u0439).<\/strong><\/p>\n\n\n\n<p>\u041a\u0430\u043a \u043f\u0438\u0441\u0430\u043b \u0415\u0432\u0433\u0435\u043d\u0438\u0439 \u0410\u043b\u0435\u043a\u0441\u0435\u0435\u0432\u0438\u0447 \u0422\u043e\u0440\u0447\u0438\u043d\u043e\u0432: \u201c\u0418\u0441\u0445\u043e\u0434\u043d\u044b\u043c \u043f\u0443\u043d\u043a\u0442\u043e\u043c \u0434\u043b\u044f \u0434\u0438\u0441\u043a\u0443\u0440\u0441\u0430 \u041d\u0430\u0433\u0430\u0440\u0434\u0436\u0443\u043d\u044b \u044f\u0432\u043b\u044f\u0435\u0442\u0441\u044f \u043f\u0440\u0438\u0437\u043d\u0430\u043d\u0438\u0435 \u0438\u043c \u043f\u0440\u0438\u043d\u0446\u0438\u043f\u0430 \u043f\u0440\u0438\u0447\u0438\u043d\u043d\u043e-\u0437\u0430\u0432\u0438\u0441\u0438\u043c\u043e\u0433\u043e \u043f\u0440\u043e\u0438\u0441\u0445\u043e\u0436\u0434\u0435\u043d\u0438\u044f (<a href=\"https:\/\/ru.wikipedia.org\/wiki\/%D0%9F%D1%80%D0%B0%D1%82%D0%B8%D1%82%D1%8C%D1%8F-%D1%81%D0%B0%D0%BC%D1%83%D1%82%D0%BF%D0%B0%D0%B4%D0%B0\" target=\"_blank\" rel=\"noreferrer noopener\">\u043f\u0440\u0430\u0442\u0438\u0442\u044c\u044f-\u0441\u0430\u043c\u0443\u0442\u043f\u0430\u0434\u0430<\/a>) \u0432 \u043a\u0430\u0447\u0435\u0441\u0442\u0432\u0435 \u043c\u0435\u0442\u043e\u0434\u043e\u043b\u043e\u0433\u0438\u0447\u0435\u0441\u043a\u043e\u0439 \u043e\u0441\u043d\u043e\u0432\u044b. \u0413\u043b\u0430\u0432\u043d\u044b\u0439 \u0432\u044b\u0432\u043e\u0434 \u041d\u0430\u0433\u0430\u0440\u0434\u0436\u0443\u043d\u044b: \u0432\u0441\u0451 \u0441\u0443\u0449\u0435\u0441\u0442\u0432\u0443\u0435\u0442 \u043b\u0438\u0448\u044c \u043f\u043e\u0441\u0442\u043e\u043b\u044c\u043a\u0443, \u043f\u043e\u0441\u043a\u043e\u043b\u044c\u043a\u0443 \u044f\u0432\u043b\u044f\u0435\u0442\u0441\u044f \u043f\u0440\u0438\u0447\u0438\u043d\u043d\u043e \u043e\u0431\u0443\u0441\u043b\u043e\u0432\u043b\u0435\u043d\u043d\u044b\u043c, \u0438 \u043d\u0435\u0442 \u043d\u0438\u0447\u0435\u0433\u043e (\u043d\u0438 \u043e\u0434\u043d\u043e\u0439 \u0434\u0445\u0430\u0440\u043c\u044b), \u0447\u0442\u043e \u0431\u044b\u043b\u043e \u0431\u044b \u043d\u0435 \u043f\u0440\u0438\u0447\u0438\u043d\u043d\u043e \u043e\u0431\u0443\u0441\u043b\u043e\u0432\u043b\u0435\u043d\u043e. \u0410 \u044d\u0442\u043e \u043e\u0437\u043d\u0430\u0447\u0430\u0435\u0442, \u0447\u0442\u043e \u043d\u0438\u0447\u0442\u043e (\u043d\u0438 \u043e\u0434\u043d\u0430 \u0434\u0445\u0430\u0440\u043c\u0430) \u043d\u0435 \u043e\u0431\u043b\u0430\u0434\u0430\u0435\u0442 \u0441\u0432\u043e\u0435\u0431\u044b\u0442\u0438\u0435\u043c (<a href=\"https:\/\/ru.wikipedia.org\/wiki\/%D0%A1%D0%B2%D0%B0%D0%B1%D1%85%D0%B0%D0%B2%D0%B0\" target=\"_blank\" rel=\"noreferrer noopener\">\u0441\u0432\u0430\u0431\u0445\u0430\u0432\u0430<\/a>), \u0442\u043e \u0435\u0441\u0442\u044c \u043d\u0435\u0442 \u0442\u0430\u043a\u043e\u0439 \u0441\u0443\u0449\u043d\u043e\u0441\u0442\u0438, \u043a\u043e\u0442\u043e\u0440\u0430\u044f \u0431\u044b \u0441\u0430\u043c\u043e\u0434\u043e\u0432\u043b\u0435\u043b\u0430, \u043a\u043e\u0442\u043e\u0440\u0430\u044f \u0441\u0443\u0449\u0435\u0441\u0442\u0432\u043e\u0432\u0430\u043b\u0430 \u0431\u044b \u0441\u0430\u043c\u0430 \u043f\u043e \u0441\u0435\u0431\u0435, \u0432 \u0441\u0438\u043b\u0443 \u0441\u0432\u043e\u0435\u0439 \u0441\u043e\u0431\u0441\u0442\u0432\u0435\u043d\u043d\u043e\u0439 \u043f\u0440\u0438\u0440\u043e\u0434\u044b. \u0420\u0430\u0437 \u044d\u0442\u043e \u0442\u0430\u043a \u0438 \u0432\u0441\u0451 \u043f\u0440\u0438\u0447\u0438\u043d\u043d\u043e \u043e\u0431\u0443\u0441\u043b\u043e\u0432\u043b\u0435\u043d\u043e, \u043d\u0438\u043a\u0430\u043a\u0438\u0445 \u0441\u0430\u043c\u043e\u0441\u0443\u0449\u0438\u0445 \u0441\u0443\u0449\u043d\u043e\u0441\u0442\u0435\u0439 \u043d\u0435\u0442, \u0438\u0431\u043e \u0437\u0430\u0438\u043c\u0441\u0442\u0432\u043e\u0432\u0430\u043d\u043d\u043e\u0435 \u0431\u044b\u0442\u0438\u0435 \u043d\u0435 \u0435\u0441\u0442\u044c \u043f\u043e\u0434\u043b\u0438\u043d\u043d\u043e\u0435 \u0431\u044b\u0442\u0438\u0435, \u043f\u043e\u0434\u043e\u0431\u043d\u043e \u0442\u043e\u043c\u0443 \u043a\u0430\u043a \u0432\u0437\u044f\u0442\u044b\u0435 \u0432 \u0434\u043e\u043b\u0433 \u0434\u0435\u043d\u044c\u0433\u0438 \u043d\u0435 \u0435\u0441\u0442\u044c \u043d\u0430\u0441\u0442\u043e\u044f\u0449\u0435\u0435 \u0431\u043e\u0433\u0430\u0442\u0441\u0442\u0432\u043e. \u0426\u0435\u043f\u044c \u043f\u0440\u0438\u0447\u0438\u043d\u043d\u043e\u0439 \u043e\u0431\u0443\u0441\u043b\u043e\u0432\u043b\u0435\u043d\u043d\u043e\u0441\u0442\u0438 \u0440\u0430\u0437\u043e\u043c\u043a\u043d\u0443\u0442\u0430: \u043d\u0438\u043a\u0430\u043a\u043e\u0433\u043e \u0430\u0431\u0441\u043e\u043b\u044e\u0442\u043d\u043e\u0433\u043e \u00ab\u0437\u0430\u0438\u043c\u043e\u0434\u0430\u0432\u0446\u0430\u00bb (\u0411\u043e\u0433\u0430, \u0410\u0431\u0441\u043e\u043b\u044e\u0442\u0430) \u043d\u0435\u0442, \u0438 \u044f\u0432\u043b\u0435\u043d\u0438\u044f \u0431\u0435\u0441\u043a\u043e\u043d\u0435\u0447\u043d\u043e \u0441\u0430\u043c\u0438 \u043e\u0431\u0443\u0441\u043b\u043e\u0432\u043b\u0438\u0432\u0430\u044e\u0442 \u0441\u0443\u0449\u0435\u0441\u0442\u0432\u043e\u0432\u0430\u043d\u0438\u0435 \u0434\u0440\u0443\u0433 \u0434\u0440\u0443\u0433\u0430\u201d.<\/p>\n\n\n\n<p>\u0422\u0435\u043a\u0441\u0442 \u0441\u043e\u0441\u0442\u0430\u0432\u043b\u044f\u044e\u0442 450 \u0441\u0442\u0438\u0445\u043e\u0432, \u0440\u0430\u0441\u043f\u0440\u0435\u0434\u0435\u043b\u0435\u043d\u043d\u044b\u0445 \u043f\u043e 27 \u0433\u043b\u0430\u0432\u0430\u043c. \u041e\u043d \u043f\u043e\u0441\u0432\u044f\u0449\u0451\u043d \u0442\u0435\u043c\u0435 \u00ab\u041f\u0443\u0441\u0442\u043e\u0442\u043d\u043e\u0441\u0442\u0438\u00bb \u044d\u043c\u043f\u0438\u0440\u0438\u0447\u0435\u0441\u043a\u043e\u0439 \u0440\u0435\u0430\u043b\u044c\u043d\u043e\u0441\u0442\u0438 \u0438 \u0442\u0435\u0445 \u043f\u043e\u043d\u044f\u0442\u0438\u0439, \u043d\u0430 \u043a\u043e\u0442\u043e\u0440\u044b\u0445 \u043e\u0441\u043d\u043e\u0432\u044b\u0432\u0430\u0435\u0442\u0441\u044f \u043e\u043f\u044b\u0442 \u0435\u0451 \u043f\u043e\u0437\u043d\u0430\u043d\u0438\u044f. \u041a\u0440\u0438\u0442\u0438\u043a\u0430 \u043e\u0431\u0449\u0435\u043f\u0440\u0438\u043d\u044f\u0442\u044b\u0445 \u043f\u043e\u043d\u044f\u0442\u0438\u0439 \u043e\u0441\u0443\u0449\u0435\u0441\u0442\u0432\u043b\u044f\u0435\u0442\u0441\u044f \u041d\u0430\u0433\u0430\u0440\u0434\u0436\u0443\u043d\u043e\u0439 \u043d\u0430 \u0434\u0432\u0443\u0445 \u0443\u0440\u043e\u0432\u043d\u044f\u0445 \u0438\u0441\u0442\u0438\u043d\u044b \u2014 \u043e\u0442\u043d\u043e\u0441\u0438\u0442\u0435\u043b\u044c\u043d\u043e\u0439 \u0438 \u0430\u0431\u0441\u043e\u043b\u044e\u0442\u043d\u043e\u0439. \u0422\u0435\u043a\u0441\u0442 \u043a\u0430\u0440\u0438\u043a\u0438 \u043f\u043e\u0441\u0442\u0440\u043e\u0435\u043d \u043d\u0430 \u043f\u0430\u0440\u0430\u0434\u043e\u043a\u0441\u0430\u0445, \u0438 \u0443 \u043f\u043e\u0441\u043b\u0435\u0434\u0443\u044e\u0449\u0438\u0445 \u043c\u044b\u0441\u043b\u0438\u0442\u0435\u043b\u0435\u0439 \u0432\u044b\u0437\u044b\u0432\u0430\u043b \u0440\u0430\u0437\u043b\u0438\u0447\u043d\u044b\u0435 \u0442\u043e\u043b\u043a\u043e\u0432\u0430\u043d\u0438\u044f. \u041d\u0430\u0433\u0430\u0440\u0434\u0436\u0443\u043d\u0430 \u043f\u043e\u043b\u044c\u0437\u0443\u0435\u0442\u0441\u044f&nbsp; \u043f\u0440\u0430\u0441\u0430\u043d\u0433\u0438\u043a\u043e\u0439.<\/p>\n\n\n\n<p>\u041f\u0440\u0430\u0441\u0430\u043d\u0433\u0438\u043a\u0430&nbsp; \u043e\u0442 \u043f\u0440\u0430\u0441\u0430\u043d\u0433\u0430, \u00ab\u043b\u043e\u0433\u0438\u0447\u0435\u0441\u043a\u043e\u0433\u043e \u0441\u043b\u0435\u0434\u0441\u0442\u0432\u0438\u044f\u00bb, \u043c\u0435\u0442\u043e\u0434 reductio ad absurdum, \u043a\u043e\u0442\u043e\u0440\u044b\u0439 \u0438\u0441\u043f\u043e\u043b\u044c\u0437\u0443\u044e\u0442 \u0432\u0441\u0435 \u043c\u0430\u0434\u0445\u044c\u044f\u043c\u0438\u043a\u0438, \u0438\u0441\u043f\u043e\u043b\u044c\u0437\u0443\u044f \u0441\u0438\u043b\u043b\u043e\u0433\u0438\u0437\u043c\u044b, \u0447\u0442\u043e\u0431\u044b \u0443\u043a\u0430\u0437\u0430\u0442\u044c \u043d\u0430 \u0430\u0431\u0441\u0443\u0440\u0434\u043d\u044b\u0435 \u0438 \u043d\u0435\u0432\u043e\u0437\u043c\u043e\u0436\u043d\u044b\u0435 \u043b\u043e\u0433\u0438\u0447\u0435\u0441\u043a\u0438\u0435 \u043f\u043e\u0441\u043b\u0435\u0434\u0441\u0442\u0432\u0438\u044f \u0443\u0434\u0435\u0440\u0436\u0430\u043d\u0438\u044f \u0438\u0437\u043d\u0430\u0447\u0430\u043b\u044c\u043d\u044b\u0445 \u0432\u0437\u0433\u043b\u044f\u0434\u043e\u0432.<\/p>\n\n\n\n<p class=\"has-text-align-center\"><strong>\u092e\u0942\u0932\u092e\u0927\u094d\u092f\u092e\u0915\u0915\u093e\u0930\u093f\u0915\u093e\u0903<\/strong><br><strong>m\u016blamadhyamakak\u0101rik\u0101\u1e25<\/strong><\/p>\n\n\n\n<p>\u0965 \u092e\u0942\u0932 \u0965 (m\u016bla)\u2013 n., k\u043e\u0440\u0435\u043d\u044c<br>\u0965 \u092e\u0927\u094d\u092f\u092e\u0915 \u0965(madhyamaka)<strong> <\/strong>&nbsp;\u2013 n., \u0441\u0440\u0435\u0434\u0438\u043d\u043d\u044b\u0439 \u043f\u0443\u0442\u044c, \u0444\u0438\u043b\u043e\u0441\u043e\u0444\u0441\u043a\u043e\u0435 \u043d\u0430\u043f\u0440\u0430\u0432\u043b\u0435\u043d\u0438\u0435<br>\u0965 \u0915\u093e\u0930\u093f\u0915\u093e\u0903 \u0965(k\u0101rik\u0101s)<strong> <\/strong>&nbsp;\u2013 f., \u0441\u0442\u0440\u043e\u0444\u044b.<br>\u0417\u0434\u0435\u0441\u044c tatpuru\u1e63a.<\/p>\n\n\n\n<p class=\"has-text-align-center\"><strong>\u041a\u043e\u0440\u043d\u0435\u0432\u044b\u0435 \u0441\u0442\u0440\u043e\u0444\u044b \u043e \u0441\u0440\u0435\u0434\u0438\u043d\u043d\u043e\u043c \u043f\u0443\u0442\u0438.<\/strong><\/p>\n\n\n\n<p class=\"has-text-align-center\"><a href=\"https:\/\/madhyamaka.ru\/?page_id=23\">\u0413\u043b\u0430\u0432\u0430 I.<strong> \u0410\u043d\u0430\u043b\u0438\u0437 \u0443\u0441\u043b\u043e\u0432\u0438\u0439.<\/strong><br>\u092a\u094d\u0930\u0924\u094d\u092f\u092f\u092a\u0930\u0940\u0915\u094d\u0937\u093e \u0928\u093e\u092e \u092a\u094d\u0930\u0925\u092e\u0902 \u092a\u094d\u0930\u0915\u0930\u0923\u092e\u094d <br>pratyaya-par\u012bk\u1e63\u0101<\/a><\/p>\n\n\n\n<p class=\"has-text-align-center\"><a href=\"https:\/\/madhyamaka.ru\/?page_id=29\">\u0413\u043b\u0430\u0432\u0430 II.<strong> \u0410\u043d\u0430\u043b\u0438\u0437 \u043f\u0440\u043e\u0439\u0434\u0435\u043d\u043d\u043e\u0433\u043e \u0438 \u043d\u0435\u043f\u0440\u043e\u0439\u0434\u0435\u043d\u043d\u043e\u0433\u043e<\/strong><br>\u0917\u0924\u093e\u0917\u0924\u092a\u0930\u0940\u0915\u094d\u0937\u093e<br>gata-agata-par\u012bk\u1e63\u0101<\/a><\/p>\n\n\n\n<p class=\"has-text-align-center\"><a href=\"https:\/\/madhyamaka.ru\/?page_id=35\">\u0413\u043b\u0430\u0432\u0430 III.<strong> <strong>\u0410\u043d\u0430\u043b\u0438\u0437 \u0433\u043b\u0430\u0437 \u0438 \u0434\u0440\u0443\u0433\u0438\u0445 \u043e\u0440\u0433\u0430\u043d\u043e\u0432 \u0447\u0443\u0432\u0441\u0442\u0432<\/strong><\/strong><br>\u091a\u0915\u094d\u0937\u0941\u0930\u093e\u0926\u0940\u0928\u094d\u0926\u094d\u0930\u093f\u092f\u092a\u0930\u0940\u0915\u094d\u0937\u093e<br>cak\u1e63us-\u0101di-indriya-par\u012bk\u1e63\u0101<\/a><\/p>\n\n\n\n<p class=\"has-text-align-center\"><a href=\"https:\/\/madhyamaka.ru\/?page_id=38\">\u0413\u043b\u0430\u0432\u0430 IV.<strong> <strong><strong>\u0410\u043d\u0430\u043b\u0438\u0437 \u0441\u043e\u0432\u043e\u043a\u0443\u043f\u043d\u043e\u0441\u0442\u0435\u0439<\/strong><\/strong><\/strong><br>\u0938\u094d\u0915\u0928\u094d\u0927\u092a\u0930\u0940\u0915\u094d\u0937\u093e<br>skandha-par\u012bk\u1e63\u0101<\/a><\/p>\n\n\n\n<p class=\"has-text-align-center\"><a href=\"https:\/\/madhyamaka.ru\/?page_id=41\">\u0413\u043b\u0430\u0432\u0430 V.<strong> <strong><strong>\u0410\u043d\u0430\u043b\u0438\u0437 \u044d\u043b\u0435\u043c\u0435\u043d\u0442\u043e\u0432<\/strong><\/strong><\/strong><br>\u0927\u093e\u0924\u0941\u092a\u0930\u0940\u0915\u094d\u0937\u093e   &nbsp;dh\u0101tu-par\u012bk\u1e63\u0101<\/a><\/p>\n\n\n\n<p class=\"has-text-align-center\"><a href=\"https:\/\/madhyamaka.ru\/?page_id=73\">\u0413\u043b\u0430\u0432\u0430 VI.<strong> <strong>\u0410\u043d\u0430\u043b\u0438\u0437 \u0436\u0435\u043b\u0430\u043d\u0438\u044f \u0438 \u0436\u0435\u043b\u0430\u044e\u0449\u0435\u0433\u043e<\/strong><\/strong><br><strong>\u0930\u093e\u0917\u0930\u0915\u094d\u0924\u092a\u0930\u0940\u0915\u094d\u0937\u093e<\/strong> &nbsp;r\u0101ga-rakta-par\u012bk\u1e63\u0101<\/a><\/p>\n\n\n\n<p class=\"has-text-align-center\"><a href=\"https:\/\/madhyamaka.ru\/?page_id=80\">\u0413\u043b\u0430\u0432\u0430 VII.<strong> \u0410\u043d\u0430\u043b\u0438\u0437 \u043e\u0431\u0443\u0441\u043b\u043e\u0432\u043b\u0435\u043d\u043d\u044b\u0445 \u0444\u0435\u043d\u043e\u043c\u0435\u043d\u043e\u0432<\/strong><br><strong>\u0938\u0902\u0938\u094d\u0915\u0943\u0924\u092a\u0930\u0940\u0915\u094d\u0937\u093e<\/strong> &nbsp;sa\u1e41sk\u1e5bta-par\u012bk\u1e63\u0101<\/a><\/p>\n\n\n\n<p class=\"has-text-align-center\"><a href=\"https:\/\/madhyamaka.ru\/?page_id=103\">\u0413\u043b\u0430\u0432\u0430 VIII. <strong>\u0410\u043d\u0430\u043b\u0438\u0437 \u0434\u0435\u0439\u0441\u0442\u0432\u0438\u044f \u0438 \u0434\u0435\u044f\u0442\u0435\u043b\u044f<\/strong><br><strong>\u0915\u0930\u094d\u092e\u0915\u093e\u0930\u0915\u092a\u0930\u0940\u0915\u094d\u0937\u093e<\/strong> karma-k\u0101raka-par\u012bk\u1e63\u0101<\/a><\/p>\n\n\n\n<p class=\"has-text-align-center\"><a href=\"https:\/\/madhyamaka.ru\/?page_id=125\">\u0413\u043b\u0430\u0432\u0430 IX. <strong>\u0410\u043d\u0430\u043b\u0438\u0437 \u043f\u0440\u0435\u0434\u0448\u0435\u0441\u0442\u0432\u0443\u044e\u0449\u0435\u0433\u043e (\u043f\u0440\u0435\u0436\u0434\u0435 \u0441\u0443\u0449\u0435\u0441\u0442\u0432\u0443\u044e\u0449\u0435\u0433\u043e)<\/strong><br><strong><strong>\u092a\u0942\u0930\u094d\u0935\u092a\u0930\u0940\u0915\u094d\u0937\u093e <\/strong><\/strong>p\u016brva-par\u012bk\u1e63\u0101<\/a><\/p>\n\n\n\n<p class=\"has-text-align-center\"><a href=\"https:\/\/madhyamaka.ru\/?page_id=137\">\u0413\u043b\u0430\u0432\u0430 X. <strong>\u0410\u043d\u0430\u043b\u0438\u0437 \u043e\u0433\u043d\u044f \u0438 \u0442\u043e\u043f\u043b\u0438\u0432\u0430<\/strong><br><strong>\u0905\u0917\u094d\u0928\u0940\u0928\u094d\u0927\u0928\u092a\u0930\u0940\u0915\u094d\u0937\u093e<\/strong> agni-indhana-par\u012bk\u1e63\u0101<\/a><\/p>\n\n\n\n<p class=\"has-text-align-center\"><a href=\"https:\/\/madhyamaka.ru\/?page_id=146\">\u0413\u043b\u0430\u0432\u0430 XI. <strong>\u0410\u043d\u0430\u043b\u0438\u0437 \u043d\u0430\u0447\u0430\u043b\u044c\u043d\u043e\u0439 \u0438 \u043a\u043e\u043d\u0435\u0447\u043d\u043e\u0439 \u0442\u043e\u0447\u043a\u0438<\/strong><br><strong>\u092a\u0942\u0930\u094d\u0935\u093e\u092a\u0930\u0915\u094b\u091f\u093f\u092a\u0930\u0940\u0915\u094d\u0937\u093e<\/strong> p\u016brv\u0101para-ko\u1e6di-par\u012bk\u1e63\u0101<\/a><\/p>\n\n\n\n<p class=\"has-text-align-center\"><a href=\"https:\/\/madhyamaka.ru\/?page_id=185\">\u0413\u043b\u0430\u0432\u0430 XII. <strong>\u0410\u043d\u0430\u043b\u0438\u0437 \u0441\u0442\u0440\u0430\u0434\u0430\u043d\u0438\u044f<\/strong><br><strong>\u0926\u0941\u0903\u0916\u092a\u0930\u0940\u0915\u094d\u0937\u093e<\/strong> du\u1e25kha-par\u012bk\u1e63\u0101<\/a><\/p>\n\n\n\n<p class=\"has-text-align-center\"><a href=\"https:\/\/madhyamaka.ru\/?page_id=200\">\u0413\u043b\u0430\u0432\u0430 XIII. <strong>\u0410\u043d\u0430\u043b\u0438\u0437 \u043e\u0431\u0443\u0441\u043b\u043e\u0432\u043b\u0435\u043d\u043d\u044b\u0445 \u0444\u0435\u043d\u043e\u043c\u0435\u043d\u043e\u0432<\/strong><br><strong>\u0938\u0902\u0938\u094d\u0915\u093e\u0930\u092a\u0930\u0940\u0915\u094d\u0937\u093e<\/strong> sa\u1e41sk\u0101ra-par\u012bk\u1e63\u0101<\/a><\/p>\n\n\n\n<p class=\"has-text-align-center\"><a href=\"https:\/\/madhyamaka.ru\/?page_id=208\">\u0413\u043b\u0430\u0432\u0430 XIV. <strong>\u0410\u043d\u0430\u043b\u0438\u0437 \u043f\u0440\u0438\u043a\u043e\u0441\u043d\u043e\u0432\u0435\u043d\u0438\u044f\/\u043a\u043e\u043d\u0442\u0430\u043a\u0442\u0430<\/strong><br><strong><strong>\u0938\u0902\u0938\u0930\u094d\u0917\u092a\u0930\u0940\u0915\u094d\u0937\u093e<\/strong><\/strong> sa\u1e41sarga-par\u012bk\u1e63\u0101<\/a><\/p>\n\n\n\n<p class=\"has-text-align-center\"><a href=\"https:\/\/madhyamaka.ru\/?page_id=218\">\u0413\u043b\u0430\u0432\u0430 XV. <strong>\u0410\u043d\u0430\u043b\u0438\u0437 \u0432\u043d\u0443\u0442\u0440\u0435\u043d\u043d\u0435\u0439 \u043f\u0440\u0438\u0440\u043e\u0434\u044b<\/strong><br><strong>\u0938\u094d\u0935\u092d\u093e\u0935\u092a\u0930\u0940\u0915\u094d\u0937\u093e<\/strong> svabh\u0101va-par\u012bk\u1e63\u0101<\/a><\/p>\n\n\n\n<p class=\"has-text-align-center\"><a href=\"https:\/\/madhyamaka.ru\/?page_id=229\">\u0413\u043b\u0430\u0432\u0430 XVI. <strong>\u0410\u043d\u0430\u043b\u0438\u0437 \u0437\u0430\u0442\u043e\u0447\u0435\u043d\u0438\u044f \u0438 \u043e\u0441\u0432\u043e\u0431\u043e\u0436\u0434\u0435\u043d\u0438\u044f<\/strong><br><strong>\u092c\u0928\u094d\u0927\u092e\u094b\u0915\u094d\u0937\u092a\u0930\u0940\u0915\u094d\u0937\u093e<\/strong> bandha-mok\u1e63a-par\u012bk\u1e63\u0101<\/a><\/p>\n\n\n\n<p class=\"has-text-align-center\"><a href=\"https:\/\/madhyamaka.ru\/?page_id=234\">\u0413\u043b\u0430\u0432\u0430 XVII. <strong>\u0410\u043d\u0430\u043b\u0438\u0437 \u0434\u0435\u0439\u0441\u0442\u0432\u0438\u0439 \u0438 \u0440\u0435\u0437\u0443\u043b\u044c\u0442\u0430\u0442\u043e\u0432<\/strong><br><strong>\u0915\u0930\u094d\u092e\u092b\u0932\u092a\u0930\u0940\u0915\u094d\u0937\u093e<\/strong> karma-phala-par\u012bk\u1e63\u0101<\/a><\/p>\n\n\n\n<p class=\"has-text-align-center\"><a href=\"https:\/\/madhyamaka.ru\/?page_id=252\">\u0413\u043b\u0430\u0432\u0430 XVIII. <strong>\u0410\u043d\u0430\u043b\u0438\u0437 \u0441\u0430\u043c\u043e\u0441\u0442\u0438<\/strong><br><strong>\u0906\u0924\u094d\u092e\u092a\u0930\u0940\u0915\u094d\u0937\u093e<\/strong> \u0101tma-par\u012bk\u1e63\u0101<\/a><\/p>\n\n\n\n<p class=\"has-text-align-center\"><a href=\"https:\/\/madhyamaka.ru\/?page_id=276\">\u0413\u043b\u0430\u0432\u0430 XIX. <strong>\u0410\u043d\u0430\u043b\u0438\u0437 \u0432\u0440\u0435\u043c\u0435\u043d\u0438<\/strong><br><strong>\u0915\u093e\u0932\u092a\u0930\u0940\u0915\u094d\u0937\u093e<\/strong> k\u0101la-par\u012bk\u1e63\u0101<\/a><\/p>\n\n\n\n<p class=\"has-text-align-center\"><a href=\"https:\/\/madhyamaka.ru\/?page_id=283\">\u0413\u043b\u0430\u0432\u0430 XX. <strong>\u0410\u043d\u0430\u043b\u0438\u0437 \u0441\u043e\u0432\u043e\u043a\u0443\u043f\u043d\u043e\u0441\u0442\u0438<\/strong><br><strong>\u0938\u093e\u092e\u0917\u094d\u0930\u0940\u092a\u0930\u0940\u0915\u094d\u0937\u093e<\/strong> s\u0101magr\u012b-par\u012bk\u1e63\u0101<\/a><\/p>\n\n\n\n<p class=\"has-text-align-center\"><a href=\"https:\/\/madhyamaka.ru\/?page_id=292\">\u0413\u043b\u0430\u0432\u0430 XXI. <strong>\u0410\u043d\u0430\u043b\u0438\u0437 \u043f\u0440\u043e\u0438\u0441\u0445\u043e\u0436\u0434\u0435\u043d\u0438\u044f \u0438 \u0440\u0430\u0441\u043f\u0430\u0434\u0430<\/strong><br><strong>\u0938\u0902\u092d\u0935\u0935\u093f\u092d\u0935\u092a\u0930\u0940\u0915\u094d\u0937\u093e<\/strong> sa\u1e41bhava-vibhava-par\u012bk\u1e63\u0101<\/a><\/p>\n\n\n\n<p class=\"has-text-align-center\"><a href=\"https:\/\/madhyamaka.ru\/?page_id=302\">\u0413\u043b\u0430\u0432\u0430 XXII. <strong>\u0410\u043d\u0430\u043b\u0438\u0437 \u0422\u0430\u043a \u0423\u0448\u0435\u0434\u0448\u0435\u0433\u043e<\/strong><\/a><br><a href=\"https:\/\/madhyamaka.ru\/?page_id=302\"><strong>\u0924\u0925\u093e\u0917\u0924\u092a\u0930\u0940\u0915\u094d\u0937\u093e<\/strong> tath\u0101-gata-par\u012bk\u1e63\u0101<\/a><\/p>\n\n\n\n<p class=\"has-text-align-center\"><a href=\"https:\/\/madhyamaka.ru\/?page_id=310\">\u0413\u043b\u0430\u0432\u0430 XXIII. <strong>\u0410\u043d\u0430\u043b\u0438\u0437 \u043e\u0448\u0438\u0431\u043a\u0438<\/strong><\/a><br><a href=\"https:\/\/madhyamaka.ru\/?page_id=310\"><strong>\u0935\u093f\u092a\u0930\u094d\u092f\u093e\u0938\u092a\u0930\u0940\u0915\u094d\u0937\u093e<\/strong> vipary\u0101sa-par\u012bk\u1e63\u0101<\/a><\/p>\n\n\n\n<p class=\"has-text-align-center\"><a href=\"https:\/\/madhyamaka.ru\/?page_id=336\">\u0413\u043b\u0430\u0432\u0430 XXIV. <strong>\u0410\u043d\u0430\u043b\u0438\u0437 \u0411\u043b\u0430\u0433\u043e\u0440\u043e\u0434\u043d\u044b\u0445 \u0418\u0441\u0442\u0438\u043d<\/strong><\/a><br><a href=\"https:\/\/madhyamaka.ru\/?page_id=336\"><strong>\u0906\u0930\u094d\u092f\u0938\u0924\u094d\u092f\u092a\u0930\u0940\u0915\u094d\u0937\u093e<\/strong> \u0101rya-satya-par\u012bk\u1e63\u0101<\/a><\/p>\n\n\n\n<p class=\"has-text-align-center\"><a href=\"https:\/\/madhyamaka.ru\/?page_id=362\">\u0413\u043b\u0430\u0432\u0430 XXV. <strong>\u0410\u043d\u0430\u043b\u0438\u0437 \u043d\u0438\u0440\u0432\u0430\u043d\u044b<\/strong><br><strong>\u0928\u093f\u0930\u094d\u0935\u093e\u0923\u092a\u0930\u0940\u0915\u094d\u0937\u093e<\/strong> nirv\u0101\u1e47a-par\u012bk\u1e63\u0101<\/a><\/p>\n\n\n\n<p class=\"has-text-align-center\"><a href=\"https:\/\/madhyamaka.ru\/?page_id=401\">\u0413\u043b\u0430\u0432\u0430 XXVI. <strong>\u0410\u043d\u0430\u043b\u0438\u0437 12 \u0437\u0432\u0435\u043d\u044c\u0435\u0432<\/strong><br><strong>\u0926\u094d\u0935\u093e\u0926\u0936\u093e\u0919\u094d\u0917\u092a\u0930\u0940\u0915\u094d\u0937\u093e<\/strong> dv\u0101da\u015ba-a\u1e45ga-par\u012bk\u1e63\u0101<\/a><\/p>\n\n\n\n<p class=\"has-text-align-center\"><a href=\"https:\/\/madhyamaka.ru\/?page_id=416\">\u0413\u043b\u0430\u0432\u0430 XXVII. <strong>\u0410\u043d\u0430\u043b\u0438\u0437 \u0432\u0437\u0433\u043b\u044f\u0434\u043e\u0432<\/strong><br><strong>\u0926\u0943\u0937\u094d\u091f\u093f\u092a\u0930\u0940\u0915\u094d\u0937\u093e<\/strong> d\u1e5b\u1e63\u1e6di-par\u012bk\u1e63\u0101<\/a><\/p>\n","protected":false},"excerpt":{"rendered":"<p>\u041f\u0435\u0440\u0435\u0432\u043e\u0434 \u0441 \u0441\u0430\u043d\u0441\u043a\u0440\u0438\u0442\u0430 \u0438 \u043a\u043e\u043c\u043c\u0435\u043d\u0442\u0430\u0440\u0438\u0438: \u0410\u043b\u0435\u043a\u0441\u0435\u0439 \u0424\u0443\u0440\u043c\u0430\u043d \u092e\u0942\u0932\u092e\u0927\u094d\u092f\u092e\u0915\u0915\u093e\u0930\u093f\u0915\u093e\u0903m\u016blamadhyamakak\u0101rik\u0101\u1e25 \u041d\u0430\u0433\u0430\u0440\u0434\u0436\u0443\u043d\u0430 (\u043e\u043a. 150 &#8211; \u043e\u043a. 250 \u0433. \u043d.\u044d.)&nbsp; \u0448\u0438\u0440\u043e\u043a\u043e \u0441\u0447\u0438\u0442\u0430\u0435\u0442\u0441\u044f \u043e\u0434\u043d\u0438\u043c \u0438\u0437&hellip;<\/p>\n","protected":false},"author":1,"featured_media":0,"parent":0,"menu_order":0,"comment_status":"closed","ping_status":"open","template":"","meta":{"footnotes":""},"class_list":["post-2","page","type-page","status-publish","hentry"],"_links":{"self":[{"href":"https:\/\/madhyamaka.ru\/index.php?rest_route=\/wp\/v2\/pages\/2","targetHints":{"allow":["GET"]}}],"collection":[{"href":"https:\/\/madhyamaka.ru\/index.php?rest_route=\/wp\/v2\/pages"}],"about":[{"href":"https:\/\/madhyamaka.ru\/index.php?rest_route=\/wp\/v2\/types\/page"}],"author":[{"embeddable":true,"href":"https:\/\/madhyamaka.ru\/index.php?rest_route=\/wp\/v2\/users\/1"}],"replies":[{"embeddable":true,"href":"https:\/\/madhyamaka.ru\/index.php?rest_route=%2Fwp%2Fv2%2Fcomments&post=2"}],"version-history":[{"count":42,"href":"https:\/\/madhyamaka.ru\/index.php?rest_route=\/wp\/v2\/pages\/2\/revisions"}],"predecessor-version":[{"id":419,"href":"https:\/\/madhyamaka.ru\/index.php?rest_route=\/wp\/v2\/pages\/2\/revisions\/419"}],"wp:attachment":[{"href":"https:\/\/madhyamaka.ru\/index.php?rest_route=%2Fwp%2Fv2%2Fmedia&parent=2"}],"curies":[{"name":"wp","href":"https:\/\/api.w.org\/{rel}","templated":true}]}}