{"id":276,"date":"2020-10-14T17:42:43","date_gmt":"2020-10-14T17:42:43","guid":{"rendered":"http:\/\/madhyamaka.ru\/?page_id=276"},"modified":"2020-10-14T17:47:45","modified_gmt":"2020-10-14T17:47:45","slug":"%d0%b3%d0%bb%d0%b0%d0%b2%d0%b0-xix-%d0%b0%d0%bd%d0%b0%d0%bb%d0%b8%d0%b7-%d0%b2%d1%80%d0%b5%d0%bc%d0%b5%d0%bd%d0%b8","status":"publish","type":"page","link":"https:\/\/madhyamaka.ru\/?page_id=276","title":{"rendered":"\u0413\u043b\u0430\u0432\u0430 XIX. \u0410\u043d\u0430\u043b\u0438\u0437 \u0432\u0440\u0435\u043c\u0435\u043d\u0438"},"content":{"rendered":"\n<p>\u041f\u0435\u0440\u0435\u0432\u043e\u0434 \u0441 \u0441\u0430\u043d\u0441\u043a\u0440\u0438\u0442\u0430 \u0438 \u043a\u043e\u043c\u043c\u0435\u043d\u0442\u0430\u0440\u0438\u0438: \u0410\u043b\u0435\u043a\u0441\u0435\u0439 \u0424\u0443\u0440\u043c\u0430\u043d<audio src=\"https:\/\/madhyamaka.ru\/wp-content\/uploads\/2020\/10\/MMK-18-Mix.mp3\"><\/p>\n\n\n\n<figure class=\"wp-block-audio\"><audio controls src=\"https:\/\/madhyamaka.ru\/wp-content\/uploads\/2020\/10\/MMK-19-Mix.mp3\"><\/audio><\/figure>\n\n\n\n<p><strong>\u0915\u093e\u0932\u092a\u0930\u0940\u0915\u094d\u0937\u093e<\/strong><strong> &nbsp;<\/strong><strong>\u090f\u0915\u094b\u0928\u0935\u093f\u0902\u0936\u0924\u093f\u0924\u092e\u0902<\/strong><strong> &nbsp;<\/strong><strong>&nbsp;<\/strong><strong>&nbsp;<\/strong><strong>\u092a\u094d\u0930\u0915\u0930<\/strong><strong>\u0923\u0902<\/strong><strong> <\/strong><strong>\u0928\u093e\u0917\u093e<\/strong><strong>\u0930\u094d\u091c\u0941<\/strong><strong>\u0928\u0915\u0943\u0924<\/strong><strong>\u092e\u094d<\/strong><\/p>\n\n\n\n<p><br>k\u0101la-par\u012bk\u1e63\u0101 ekonavi\u1e41\u015batitamam prakara\u1e47am n\u0101g\u0101rjuna-k\u1e5btam<\/p>\n\n\n\n<p><strong>\u0965\u0915\u093e\u0932\u092a\u0930\u0940\u0915\u094d\u0937\u093e\u0965 &#8211; (<\/strong>k\u0101la -par\u012bk\u1e63\u0101) \u0430\u043d\u0430\u043b\u0438\u0437 \u0432\u0440\u0435\u043c\u0435\u043d\u0438<br><strong>\u0965\u090f\u0915\u094b\u0928\u0935\u093f\u0902\u0936\u0924\u093f\u0924\u092e\u092e\u094d\u0965 (<\/strong>ekonavi\u1e41\u015batitamam) num ord n \u0434\u0435\u0432\u044f\u0442\u043d\u0430\u0434\u0446\u0430\u0442\u043e\u0435<br><strong>\u0965\u092a\u094d\u0930\u0915\u0930\u0923\u092e\u094d\u0965 (<\/strong>prakara\u1e47am) n sg nom \u0433\u043b\u0430\u0432\u0430<br><strong>\u0965\u0928\u093e\u0917\u093e\u0930\u094d\u091c\u0941\u0928\u0915\u0943\u0924\u092e\u094d\u0965 <\/strong>(n\u0101g\u0101rjuna-k\u1e5btam) \u0441\u043e\u0437\u0434\u0430\u043d\u043d\u0430\u044f \u041d\u0430\u0433\u0430\u0440\u0434\u0436\u0443\u043d\u043e\u0439.<\/p>\n\n\n\n<p><strong>\u0410\u043d\u0430\u043b\u0438\u0437 <\/strong><strong>\u0432\u0440\u0435\u043c\u0435\u043d\u0438 <\/strong><strong>\u2013 <\/strong><strong>\u0434\u0435\u0432\u044f\u0442\u043d\u0430\u0434\u0446\u0430\u0442\u0430\u044f<\/strong><strong> \u0433\u043b\u0430\u0432\u0430 \u0441\u043e\u0437\u0434\u0430\u043d\u043d\u0430\u044f \u041d\u0430\u0433\u0430\u0440\u0434\u0436\u0443\u043d\u043e\u0439.<\/strong><\/p>\n\n\n\n<p><strong>\u092a\u094d\u0930\u0924\u094d\u092f\u0941\u0924\u094d\u092a\u0928\u094d\u0928\u094b\u093d\u0928\u093e\u0917\u0924\u0936\u094d\u091a \u092f\u0926\u094d\u092f\u0924\u0940\u0924\u092e\u092a\u0947\u0915\u094d\u0937\u094d\u092f \u0939\u093f\u0964<\/strong><br><strong>\u092a\u094d\u0930\u0924\u094d\u092f\u0941\u0924\u094d\u092a\u0928\u094d\u0928\u094b\u093d\u0928\u093e\u0917\u0924\u0936\u094d\u091a \u0915\u093e\u0932\u0947\u093d\u0924\u0940\u0924\u0947 \u092d\u0935\u093f\u0937\u094d\u092f\u0924\u0903\u0965\u0967\u0965<\/strong><br>(\u015aloka Ra-vipul\u0101)<br>\u2212 \u2212 \u2212 \u2212<strong>,<\/strong>\u00a6 <strong>\u2212 \u203f \u2212 <\/strong>\u203f \u00a6\u00a6 \u2212 \u203f \u2212 \u203f \u00a6 <strong>\u203f \u2212 \u203f <\/strong>\u2212<br>\u00a0pratyutpannas an\u0101gatas ca yadi at\u012btam apek\u1e63ya hi |<br>\u00a0\u2212 \u2212 \u2212 \u2212<strong>,<\/strong>\u00a6 <strong>\u2212 \u203f \u2212 <\/strong>\u203f \u00a6\u00a6 \u2212 \u2212 \u2212 \u2212 \u00a6 \u203f \u2212 \u203f \u2212<br>\u00a0pratyutpannas an\u0101gatas ca k\u0101le at\u012bte bhavi\u1e63yatas ||19.1||<\/p>\n\n\n\n<p><strong>\u0965\u092a\u094d\u0930\u0924\u094d\u092f\u0941\u0924\u094d\u092a\u0928\u094d\u0928\u0903\u0965 (<\/strong>pratyutpannas) m sg nom \u0441\u043e\u0432\u0440\u0435\u043c\u0435\u043d\u043d\u044b\u0439, \u043d\u0430\u0441\u0442\u043e\u044f\u0449\u0438\u0439<br><strong>\u0965\u0905\u0928\u093e\u0917\u0924\u0903\u0965 (<\/strong>an\u0101gatas) m sg nom \u0431\u0443\u0434\u0443\u0449\u0438\u0439<br><strong>\u0965\u091a\u0965 (<\/strong>ca) \u0438<br><strong>\u0965\u092f\u0926\u093f\u0965 (<\/strong>yadi) \u0435\u0441\u043b\u0438<br><strong>\u0965\u0905\u0924\u0940\u0924\u092e\u094d\u0965 (<\/strong>at\u012btam) <em>\u221ai <\/em>pp adj m acc \u043f\u0440\u043e\u0448\u0435\u0434\u0448\u0435\u0433\u043e<br><strong>\u0965\u0905\u092a\u0947\u0915\u094d\u0937\u094d\u092f\u0965 (<\/strong>apek\u1e63ya) \u0437\u0430\u0432\u0438\u0441\u044f <br><strong>\u0965\u0939\u093f\u0965 (<\/strong>hi) \u0432\u0435\u0434\u044c<br><strong>\u0965\u0915\u093e\u0932\u0947\u0965 (<\/strong>kale) m sg loc \u0432\u043e \u0432\u0440\u0435\u043c\u0435\u043d\u0438<br><strong>\u0965\u0905\u0924\u0940\u0924\u0947\u0965 (<\/strong>at\u012bte) m sg loc \u0432 \u043f\u0440\u043e\u0448\u0435\u0434\u0448\u0435\u043c, \u043d\u0430\u0441\u0442\u043e\u044f\u0449\u0438\u0439 <br><strong>\u0965\u092d\u0935\u093f\u0937\u094d\u092f\u0924\u0903\u0965 (<\/strong>bhavi\u1e63yatas) 3<sup>rd<\/sup> fut du \u0431\u0443\u0434\u0443\u0442<\/p>\n\n\n\n<p><strong>\u0415\u0441\u043b\u0438 \u043d\u0430\u0441\u0442\u043e\u044f\u0449\u0435\u0435 \u0438 \u0431\u0443\u0434\u0443\u0449\u0435\u0435 \u0437\u0430\u0432\u0438\u0441\u044f \u043e\u0442 \u043f\u0440\u043e\u0448\u0435\u0434\u0448\u0435\u0433\u043e, \u043d\u0430\u0441\u0442\u043e\u044f\u0449\u0435\u0435 \u0438 \u0431\u0443\u0434\u0443\u0449\u0435\u0435 \u0431\u0443\u0434\u0443\u0442 \u0432 \u043f\u0440\u043e\u0448\u043b\u043e\u043c \u0432\u0440\u0435\u043c\u0435\u043d\u0438.<\/strong><\/p>\n\n\n\n<p><strong>\u092a\u094d\u0930\u0924\u094d\u092f\u0941\u0924\u094d\u092a\u0928\u094d\u0928\u094b\u093d\u0928\u093e\u0917\u0924\u0936\u094d\u091a \u0928 \u0938\u094d\u0924\u0938\u094d\u0924\u0924\u094d\u0930 \u092a\u0941\u0928\u0930\u094d\u092f\u0926\u093f\u0964<\/strong><br><strong>\u092a\u094d\u0930\u0924\u094d\u092f\u0941\u0924\u094d\u092a\u0928\u094d\u0928\u094b\u093d\u0928\u093e\u0917\u0924\u0936\u094d\u091a \u0938\u094d\u092f\u093e\u0924\u093e\u0902 \u0915\u0925\u092e\u092a\u0947\u0915\u094d\u0937\u094d\u092f \u0924\u092e\u094d\u0965\u0968\u0965<\/strong><br>(\u015aloka Ra-vipul\u0101)<br>\u2212 \u2212 \u2212 \u2212<strong>,<\/strong>\u00a6 <strong>\u2212 \u203f \u2212 <\/strong>\u203f \u00a6\u00a6 \u2212 \u2212 \u2212 \u203f \u00a6 <strong>\u203f \u2212 \u203f <\/strong>\u2212<br>pratyutpannas an\u0101gatas ca na stas tatra punar yadi |<br>\u2212 \u2212 \u2212 \u2212<strong>,<\/strong>\u00a6 <strong>\u2212 \u203f \u2212 <\/strong>\u203f \u00a6\u00a6 \u2212 \u2212 \u203f \u203f \u00a6 <strong>\u203f \u2212 \u203f <\/strong>\u2212<br>pratyutpannas an\u0101gatas ca sy\u0101t\u0101m katham apek\u1e63ya tam ||19.2||<\/p>\n\n\n\n<p><strong>\u0965\u092a\u094d\u0930\u0924\u094d\u092f\u0941\u0924\u094d\u092a\u0928\u094d\u0928\u0903\u0965 (<\/strong>pratyutpannas) m sg nom \u0441\u043e\u0432\u0440\u0435\u043c\u0435\u043d\u043d\u044b\u0439<br><strong>\u0965\u0905\u0928\u093e\u0917\u0924\u0903\u0965 (<\/strong>an\u0101gatas) m sg nom \u0431\u0443\u0434\u0443\u0449\u0438\u0439<br><strong>\u0965\u091a\u0965 (<\/strong>ca) \u0438<br><strong>\u0965\u0928\u0965 \u00a0(<\/strong>na) \u043d\u0435<br><strong>\u0965\u0938\u094d\u0924\u0903\u0965 (<\/strong>stas) <em>\u221aas <\/em>pres 3rd du <br><strong>\u0965\u0924\u0924\u094d\u0930\u0965 (<\/strong>tatra) \u0442\u0430\u043c<br><strong>\u0965\u092a\u0941\u0928\u0930\u094d\u0965 (<\/strong>punar) \u0441 \u0434\u0440\u0443\u0433\u043e\u0439 \u0441\u0442\u043e\u0440\u043e\u043d\u044b<br><strong>\u0965\u092f\u0926\u093f\u0965 (<\/strong>yadi) \u0435\u0441\u043b\u0438 <br><strong>\u0965\u0938\u094d\u092f\u093e\u0924\u093e\u092e\u094d\u0965 (<\/strong>sy\u0101t\u0101m) <em>\u221aas <\/em>opt 3rd du \u0431\u044b\u043b\u0438 \u0431\u044b<br><strong>\u0965\u0915\u0925\u092e\u094d\u0965 (<\/strong>katham) \u043a\u0430\u043a<br><strong>\u0965\u0905\u092a\u0947\u0915\u094d\u0937\u094d\u092f\u0965 (<\/strong>apek\u1e63ya) \u0437\u0430\u0432\u0438\u0441\u044f <br><strong>\u0965\u0924\u092e\u094d\u0965 (<\/strong>tam) m sg acc \u0442\u043e\u0433\u043e<\/p>\n\n\n\n<p><strong>\u0421 \u0434\u0440\u0443\u0433\u043e\u0439 \u0441\u0442\u043e\u0440\u043e\u043d\u044b, \u0435\u0441\u043b\u0438 \u043d\u0430\u0441\u0442\u043e\u044f\u0449\u0435\u0435 \u0438 \u0431\u0443\u0434\u0443\u0449\u0435\u0435 \u043d\u0435 \u0441\u0443\u0449\u0435\u0441\u0442\u0432\u0443\u044e\u0442 \u0442\u0430\u043c, \u043a\u0430\u043a \u043d\u0430\u0441\u0442\u043e\u044f\u0449\u0435\u0435 \u0438 \u0431\u0443\u0434\u0443\u0449\u0435\u0435 \u0431\u044b\u043b\u0438 \u0431\u044b \u0437\u0430\u0432\u0438\u0441\u0438\u043c\u044b \u043e\u0442 \u043d\u0435\u0433\u043e?<\/strong><\/p>\n\n\n\n<p><strong>\u0905\u0928\u092a\u0947\u0915\u094d\u0937\u094d\u092f \u092a\u0941\u0928\u0903 \u0938\u093f\u0926\u094d\u0927\u093f\u0930\u094d\u0928\u093e\u0924\u0940\u0924\u0902 \u0935\u093f\u0926\u094d\u092f\u0924\u0947 \u0924\u092f\u094b\u0903\u0964<\/strong><br><strong>\u092a\u094d\u0930\u0924\u094d\u092f\u0941\u0924\u094d\u092a\u0928\u094d\u0928\u094b\u093d\u0928\u093e\u0917\u0924\u0936\u094d\u091a \u0924\u0938\u094d\u092e\u093e\u0924\u094d\u0915\u093e\u0932\u094b \u0928 \u0935\u093f\u0926\u094d\u092f\u0924\u0947 \u0965\u0969\u0965<\/strong><br>(\u015aloka Ra-vipul\u0101)<br>\u203f \u203f \u2212 \u203f \u00a6 \u203f \u2212 \u2212 \u2212 \u00a6\u00a6 \u2212 \u2212 \u2212 \u2212 \u00a6 <strong>\u203f \u2212 \u203f <\/strong>\u2212<br>anapek\u1e63ya punar siddhis na at\u012btam vidyate tayos |<br>\u2212 \u2212 \u2212 \u2212<strong>, <\/strong>\u00a6 <strong>\u2212 \u203f \u2212 <\/strong>\u203f \u00a6\u00a6 \u2212 \u2212 \u2212 \u2212 \u00a6 <strong>\u203f \u2212 \u203f <\/strong>\u2212<br>pratyutpannas an\u0101gatas ca tasm\u0101t k\u0101las na vidyate ||19.3||<\/p>\n\n\n\n<p><strong>\u0965\u0905\u0928\u092a\u0947\u0915\u094d\u0937\u094d\u092f\u0965 (<\/strong>anapek\u1e63ya) \u043d\u0435\u0437\u0430\u0432\u0438\u0441\u044f<br><strong>\u0965\u092a\u0941\u0928\u0930\u094d\u0965 (<\/strong>punar) \u0441 \u0434\u0440\u0443\u0433\u043e\u0439 \u0441\u0442\u043e\u0440\u043e\u043d\u044b<br><strong>\u0965\u0938\u093f\u0926\u094d\u0927\u093f\u0903\u0965 (<\/strong>siddhis) f sg nom \u0443\u0441\u0442\u0430\u043d\u043e\u0432\u043b\u0435\u043d\u0438\u0435<br><strong>\u0965\u0928\u0965 (<\/strong>na) \u043d\u0435<br><strong>\u0965\u0905\u0924\u0940\u0924\u092e\u094d\u0965 (<\/strong>at\u012btam) <em>\u221ai <\/em>pp adj m acc \u043f\u0440\u043e\u0448\u0435\u0434\u0448\u0435\u0433\u043e<br><strong>\u0965\u0935\u093f\u0926\u094d\u092f\u0924\u0947\u0965 (<\/strong>vidyate) <em>\u221avid <\/em>pass \u0435\u0441\u0442\u044c, \u0438\u043c\u0435\u0435\u0442\u0441\u044f<br><strong>\u0965\u0924\u092f\u094b\u0903\u0965 (<\/strong>tayos) m du gen \u0443 \u0442\u0435\u0445 \u0434\u0432\u043e\u0438\u0445<br><strong>\u0965\u092a\u094d\u0930\u0924\u094d\u092f\u0941\u0924\u094d\u092a\u0928\u094d\u0928\u0903\u0965 (<\/strong>pratyutpannas) m sg nom \u0441\u043e\u0432\u0440\u0435\u043c\u0435\u043d\u043d\u044b\u0439<br><strong>\u0965\u0905\u0928\u093e\u0917\u0924\u0903\u0965 (<\/strong>an\u0101gatas) m sg nom \u0431\u0443\u0434\u0443\u0449\u0438\u0439<br><strong>\u0965\u091a\u0965 (<\/strong>ca) \u0438<br><strong>\u0965\u0924\u0938\u094d\u092e\u093e\u0924\u094d\u0965 (<\/strong>tasm\u0101t) \u043e\u0442 \u0442\u043e\u0433\u043e<br><strong>\u0965\u0915\u093e\u0932\u0903\u0965 (<\/strong>k\u0101las) m sg nom \u0432\u0440\u0435\u043c\u044f<\/p>\n\n\n\n<p><strong>\u0414\u0430\u043b\u0435\u0435, \u043d\u0435\u0437\u0430\u0432\u0438\u0441\u0438\u043c\u043e \u043e\u0442 \u043f\u0440\u043e\u0448\u0435\u0434\u0448\u0435\u0433\u043e \u0443 \u0442\u0435\u0445 \u0434\u0432\u043e\u0438\u0445 \u043d\u0435\u0442 \u0443\u0441\u0442\u0430\u043d\u043e\u0432\u043b\u0435\u043d\u0438\u044f. \u041e\u0442 \u0442\u043e\u0433\u043e<\/strong><strong>,<\/strong><strong> \u043d\u0430\u0441\u0442\u043e\u044f\u0449\u0435\u0435 \u0438 \u0431\u0443\u0434\u0443\u0449\u0435\u0435 \u0432\u0440\u0435\u043c\u044f \u043d\u0435 \u0441\u0443\u0449\u0435\u0441\u0442\u0432\u0443\u0435\u0442.<\/strong><\/p>\n\n\n\n<p><strong>\u090f\u0924\u0947\u0928\u0948\u0935\u093e\u0935\u0936\u093f\u0937\u094d\u091f\u094c \u0926\u094d\u0935\u094c \u0915\u094d\u0930\u092e\u0947\u0923 \u092a\u0930\u093f\u0935\u0930\u094d\u0924\u0915\u094c\u0964<\/strong><br><strong>\u0909\u0924\u094d\u0924\u092e\u093e\u0927\u092e\u092e\u0927\u094d\u092f\u093e\u0926\u0940\u0928\u0947\u0915\u0924\u094d\u0935\u093e\u0926\u0940\u0902\u0936\u094d\u091a \u0932\u0915\u094d\u0937\u092f\u0947\u0924\u094d\u0965\u096a\u0965<\/strong><br>(\u015aloka Pathy\u0101)<br>\u2212 \u2212 \u2212 \u2212 \u00a6 <strong>\u203f \u2212 \u2212 <\/strong>\u2212 \u00a6\u00a6 \u203f \u2212 \u203f \u203f \u00a6 <strong>\u203f \u2212 \u203f <\/strong>\u2212<br>etena eva ava\u015bi\u1e63\u1e6dau dvau krame\u1e47a parivartakau |<br>\u2212 \u203f \u2212 \u203f \u00a6 <strong>\u203f \u2212 \u2212 <\/strong>\u2212 \u00a6\u00a6 \u2212 \u2212 \u2212 \u2212 \u00a6 <strong>\u203f \u2212 \u203f <\/strong>\u2212<br>uttama-adhama-madhya-\u0101d\u012bn ekatva-\u0101d\u012bn ca lak\u1e63ayet ||19.4||<\/p>\n\n\n\n<p><strong>\u0965\u090f\u0924\u0947\u0928\u0965 (<\/strong>etena) <em>etad <\/em>m sg inst \u044d\u0442\u0438\u043c<br><strong>\u0965\u090f\u0935\u0965 (<\/strong>eva) \u0436\u0435<br><strong>\u0965\u0905\u0935\u0936\u093f\u0937\u094d\u091f\u094c\u0965 (<\/strong>ava\u015bi\u1e63\u1e6dau) <em>\u221a\u015bi\u1e63 <\/em>m nom du \u043e\u0441\u0442\u0430\u0432\u0448\u0438\u0435\u0441\u044f (\u0434\u0432\u043e\u0435)<br><strong>\u0965\u0926\u094d\u0935\u094c\u0965 (<\/strong>dvau) \u0434\u0432\u0430<br><strong>\u0965\u0915\u094d\u0930\u092e\u0947\u0923\u0965 (<\/strong>krame\u1e47a) m sg nom \u0448\u0430\u0433\u043e\u043c, \u0441\u043f\u043e\u0441\u043e\u0431\u043e\u043c<br><strong>\u0965\u092a\u0930\u093f\u0935\u0930\u094d\u0924\u0915\u094c\u0965 (<\/strong>parivartakau) <em>\u221av\u0157t -ka <\/em>sfx m nom du \u0447\u0435\u0440\u0435\u0434\u0443\u044e\u0449\u0435\u0435\u0441\u044f (\u0434\u0432\u043e\u0435)<br><strong>\u0965\u0909\u0924\u094d\u0924\u092e\u093e\u0927\u092e\u092e\u0927\u094d\u092f\u093e\u0926\u0940\u0928\u094d\u0965 (<\/strong>uttama-adhama-madhya-\u0101d\u012bn) \u0432\u044b\u0441\u0448\u0438\u0439-\u043d\u0438\u0437\u0448\u0438\u0439-\u0441\u0440\u0435\u0434\u043d\u0438\u0439 \u0438 \u0434\u0440\u0443\u0433\u0438\u0445<br><strong>\u0965\u090f\u0915\u0924\u094d\u0935\u093e\u0926\u0940\u0928\u094d\u0965 (<\/strong>ekatva-\u0101d\u012bn) \u0438\u0441\u043a\u043b\u044e\u0447\u0438\u0442\u0435\u043b\u044c\u043d\u043e\u0441\u0442\u044c \u0438 \u0434\u0440\u0443\u0433\u0438\u0445<br><strong>\u0965\u091a\u0965 (<\/strong>ca) \u0438<br><strong>\u0965\u0932\u0915\u094d\u0937\u092f\u0947\u0924\u094d\u0965 (<\/strong>lak\u1e63ayet) <em>\u221alak\u1e63 <\/em>cau opt 3rd sg \u0441\u043b\u0435\u0434\u0443\u0435\u0442 \u0432\u043e\u0441\u043f\u0440\u0438\u043d\u0438\u043c\u0430\u0442\u044c<\/p>\n\n\n\n<p><strong>\u042d\u0442\u0438\u043c \u0436\u0435 \u0441\u043f\u043e\u0441\u043e\u0431\u043e\u043c \u043e\u0441\u0442\u0430\u0432\u0448\u0438\u0435\u0441\u044f \u0434\u0432\u043e\u0435 \u0447\u0435\u0440\u0435\u0434\u0443\u044e\u0449\u0435\u0435\u0441\u044f, \u0432\u044b\u0441\u0448\u0438\u0439-\u043d\u0438\u0437\u0448\u0438\u0439-\u0441\u0440\u0435\u0434\u043d\u0438\u0439 \u0438 \u0434\u0440\u0443\u0433\u0438\u0435, \u0438 \u0438\u0441\u043a\u043b\u044e\u0447\u0438\u0442\u0435\u043b\u044c\u043d\u043e\u0441\u0442\u044c \u0438 \u0434\u0440\u0443\u0433\u0438\u0435 \u0441\u043b\u0435\u0434\u0443\u0435\u0442 \u0432\u043e\u0441\u043f\u0440\u0438\u043d\u0438\u043c\u0430\u0442\u044c.<\/strong><\/p>\n\n\n\n<p><strong>\u0928\u093e\u0938\u094d\u0925\u093f\u0924\u094b \u0917\u0943\u0939\u094d\u092f\u0924\u0947 \u0915\u093e\u0932\u0903 \u0938\u094d\u0925\u093f\u0924\u0903 \u0915\u093e\u0932\u094b \u0928 \u0935\u093f\u0926\u094d\u092f\u0924\u0947 \u0964<\/strong><br><strong>\u092f\u094b \u0917\u0943\u0939\u094d\u092f\u0947\u0924\u093e\u0917\u0943\u0939\u0940\u0924\u0936\u094d\u091a \u0915\u093e\u0932\u0903 \u092a\u094d\u0930\u091c\u094d\u091e\u092a\u094d\u092f\u0924\u0947 \u0915\u0925\u092e\u094d\u0965\u096b\u0965<\/strong><br>(\u015aloka Pathy\u0101)<br>\u2212 \u203f \u2212 \u2212 \u00a6 <strong>\u203f \u2212 \u2212 <\/strong>\u2212 \u00a6\u00a6 \u203f \u2212 \u2212 \u2212 \u00a6 <strong>\u203f \u2212 \u203f <\/strong>\u2212<br>na asthitas g\u1e5bhyate k\u0101las sthitas k\u0101las na vidyate |<br>\u2212 \u2212 \u2212 \u2212 \u00a6 <strong>\u203f \u2212 \u2212 <\/strong>\u203f \u00a6\u00a6 \u2212 \u2212 \u2212 \u2212 \u00a6 <strong>\u203f \u2212 \u203f <\/strong>\u2212<br>yas g\u1e5bhyeta ag\u1e5bh\u012btas ca k\u0101las praj\u00f1apyate katham ||19.5||<\/p>\n\n\n\n<p><strong>\u0965\u0928\u0965 (<\/strong>na) \u043d\u0435<br><strong>\u0965\u0905\u0938\u094d\u0925\u093f\u0924\u00ad\u0965 (<\/strong>asthitas) <em>\u221asth\u0101 <\/em>adj m sg nom \u043d\u0435 \u043d\u0430\u0445\u043e\u0434\u044f\u0449\u0438\u0439\u0441\u044f <br><strong>\u0965\u0917\u0943\u0939\u094d\u092f\u0924\u0947\u0965 (<\/strong>g\u1e5bhyate) <em>\u221agrah <\/em>pass 3rd sg \u0441\u0445\u0432\u0430\u0442\u044b\u0432\u0430\u0435\u0442\u0441\u044f <br><strong>\u0965\u0915\u093e\u0932\u0903\u0965 (<\/strong>k\u0101las) m sg nom \u0432\u0440\u0435\u043c\u044f<br><strong>\u0965\u0938\u094d\u0925\u093f\u0924\u0903\u0965 (<\/strong>sthitas) <em>\u221asth\u0101 <\/em>adj m sg nom \u043d\u0430\u0445\u043e\u0434\u044f\u0449\u0438\u0439\u0441\u044f<br><strong>\u0965\u0935\u093f\u0926\u094d\u092f\u0924\u0947\u0965 (<\/strong>vidyate) <em>\u221avid <\/em>pass \u0435\u0441\u0442\u044c, \u0438\u043c\u0435\u0435\u0442\u0441\u044f <br><strong>\u0965\u092f\u094b\u0965 (<\/strong>yas) m sg nom \u043a\u043e\u0442\u043e\u0440\u044b\u0439 <br><strong>\u0965\u0917\u0943\u0939\u094d\u092f\u0947\u0924\u0965 (<\/strong>g\u1e5bhyeta) pass opt 3rd sg \u0431\u044b\u043b \u0431\u044b \u0441\u0445\u0432\u0430\u0447\u0435\u043d<br><strong>\u0965\u0905\u0917\u0943\u0939\u0940\u0924\u0903\u0965 (<\/strong>ag\u1e5bh\u012btas) pp adj m sg nom \u043d\u0435 \u0441\u0445\u0432\u0430\u0447\u0435\u043d\u043d\u044b\u0439<br><strong>\u0965\u091a\u0965 (<\/strong>ca) \u0438<br><strong>\u0965\u092a\u094d\u0930\u091c\u094d\u091e\u092a\u094d\u092f\u0924\u0947\u0965 (<\/strong>praj\u00f1apyate) <em>\u221aj\u00f1a <\/em>cau pass 3rd sg \u043f\u043e\u0437\u043d\u0430\u0435\u0442\u0441\u044f <br><strong>\u0965\u0915\u0925\u092e\u094d\u0965 (<\/strong>katham) \u043a\u0430\u043a<\/p>\n\n\n\n<p><strong>\u041d\u0435 \u043d\u0430\u0445\u043e\u0434\u044f\u0449\u0435\u0435\u0441\u044f (\u0432 \u0434\u0430\u043d\u043d\u044b\u0439 \u043c\u043e\u043c\u0435\u043d\u0442) \u0432\u0440\u0435\u043c\u044f \u043d\u0435 \u0441\u0445\u0432\u0430\u0442\u044b\u0432\u0430\u0435\u0442\u0441\u044f (\u0441\u043e\u0437\u043d\u0430\u043d\u0438\u0435\u043c). \u041d\u0430\u0445\u043e\u0434\u044f\u0449\u0435\u0435\u0441\u044f (\u0432 \u0434\u0430\u043d\u043d\u044b\u0439 \u043c\u043e\u043c\u0435\u043d\u0442) \u0432\u0440\u0435\u043c\u044f, \u043a\u043e\u0442\u043e\u0440\u043e\u0435 \u0431\u044b\u043b\u043e \u0431\u044b \u0441\u0445\u0432\u0430\u0447\u0435\u043d\u043e \u043d\u0435 \u0441\u0443\u0449\u0435\u0441\u0442\u0432\u0443\u0435\u0442. \u0418 \u043a\u0430\u043a \u043f\u043e\u0437\u043d\u0430\u0435\u0442\u0441\u044f \u043d\u0435 \u0441\u0445\u0432\u0430\u0447\u0435\u043d\u043d\u043e\u0435 \u0432\u0440\u0435\u043c\u044f?<\/strong><\/p>\n\n\n\n<p><strong>\u092d\u093e\u0935\u0902 \u092a\u094d\u0930\u0924\u0940\u0924\u094d\u092f \u0915\u093e\u0932\u0936\u094d\u091a\u0947\u0924\u094d\u0915\u093e\u0932\u094b \u092d\u093e\u0935\u093e\u0926\u0943\u0924\u0947 \u0915\u0941\u0924\u0903\u0964<\/strong><br><strong>\u0928 \u091a \u0915\u0936\u094d\u091a\u0928 \u092d\u093e\u0935\u094b\u093d\u0938\u094d\u0924\u093f \u0915\u0941\u0924\u0903 \u0915\u093e\u0932\u094b \u092d\u0935\u093f\u0937\u094d\u092f\u0924\u093f\u0965\u096c\u0965<\/strong><br>(\u015aloka Pathy\u0101)<br>\u2212 \u2212 \u203f \u2212 \u00a6 <strong>\u203f \u2212 \u2212 <\/strong>\u2212 \u00a6\u00a6 \u2212 \u2212 \u2212 \u2212 \u00a6 <strong>\u203f \u2212 \u203f <\/strong>\u2212<br>bh\u0101vam prat\u012btya k\u0101las ced k\u0101las bh\u0101v\u0101t \u1e5bte kutas |<br>\u203f \u203f \u2212 \u203f \u00a6 <strong>\u203f \u2212 \u2212 <\/strong>\u203f \u00a6\u00a6 \u203f \u2212 \u2212 \u2212 \u00a6 <strong>\u203f \u2212 \u203f <\/strong>\u2212<br>na ca kas-cana bh\u0101vas asti kutas k\u0101las bhavi\u1e63yati ||19.6||<\/p>\n\n\n\n<p><strong>\u0965\u092d\u093e\u0935\u092e\u094d\u0965 (<\/strong>bh\u0101vam) m sg acc \u0432\u0435\u0449\u044c<br><strong>\u0965\u092a\u094d\u0930\u0924\u0940\u0924\u094d\u092f\u0965 (<\/strong>prat\u012btya) \u0437\u0430\u0432\u0438\u0441\u044f<br><strong>\u0965\u0915\u093e\u0932\u0903\u0965(<\/strong>k\u0101las) \u0432\u0440\u0435\u043c\u044f<br><strong>\u0965\u091a\u0947\u0926\u094d\u0965 (<\/strong>ced) \u0435\u0441\u043b\u0438 <br><strong>\u0965\u092d\u093e\u0935\u093e\u0924\u094d\u0965 (<\/strong>bh\u0101v\u0101t) m sg abl \u043e\u0442 \u0432\u0435\u0449\u0438<br><strong>\u0965\u090b\u0924\u0947\u0965 (<\/strong>\u1e5bte) \u0431\u0435\u0437<br><strong>\u0965\u0915\u0941\u0924\u0903\u0965 (<\/strong>kutas) \u043e\u0442\u043a\u0443\u0434\u0430<br><strong>\u0965\u0928\u0965 (<\/strong>na) \u043d\u0435<br><strong>\u0965\u091a\u0965 (<\/strong>ca) \u0438<br><strong>\u0965\u0915\u0936\u094d\u091a\u0928\u0965 (<\/strong>kas-cana) \u043a\u0442\u043e -\u043b\u0438\u0431\u043e<br><strong>\u0965\u092d\u093e\u0935\u0903\u0965 (<\/strong>bh\u0101vas) m sg nom \u0432\u0435\u0449\u044c<br><strong>\u0965\u0905\u0938\u094d\u0924\u093f\u0965 (<\/strong>asti) \u0435\u0441\u0442\u044c<br><strong>\u0965\u092d\u0935\u093f\u0937\u094d\u092f\u0924\u093f\u0965 (<\/strong>bhavi\u1e63yati) \u0431\u0443\u0434\u0435\u0442<\/p>\n\n\n\n<p><strong>\u0415\u0441\u043b\u0438 \u0432\u0440\u0435\u043c\u044f \u0437\u0430\u0432\u0438\u0441\u044f \u043e\u0442 \u0432\u0435\u0449\u0438, \u043e\u0442\u043a\u0443\u0434\u0430 \u0432\u0440\u0435\u043c\u044f \u0431\u0435\u0437 \u0432\u0435\u0449\u0438? (\u0422\u0430\u043a \u043a\u0430\u043a) \u043d\u0438\u043a\u0430\u043a\u043e\u0439 \u0432\u0435\u0449\u0438 \u043d\u0435 \u0441\u0443\u0449\u0435\u0441\u0442\u0432\u0443\u0435\u0442, \u043e\u0442\u043a\u0443\u0434\u0430 \u0431\u0443\u0434\u0435\u0442 \u0432\u0440\u0435\u043c\u044f?<\/strong><\/p>\n","protected":false},"excerpt":{"rendered":"<p>\u041f\u0435\u0440\u0435\u0432\u043e\u0434 \u0441 \u0441\u0430\u043d\u0441\u043a\u0440\u0438\u0442\u0430 \u0438 \u043a\u043e\u043c\u043c\u0435\u043d\u0442\u0430\u0440\u0438\u0438: \u0410\u043b\u0435\u043a\u0441\u0435\u0439 \u0424\u0443\u0440\u043c\u0430\u043d \u0915\u093e\u0932\u092a\u0930\u0940\u0915\u094d\u0937\u093e &nbsp;\u090f\u0915\u094b\u0928\u0935\u093f\u0902\u0936\u0924\u093f\u0924\u092e\u0902 &nbsp;&nbsp;&nbsp;\u092a\u094d\u0930\u0915\u0930\u0923\u0902 \u0928\u093e\u0917\u093e\u0930\u094d\u091c\u0941\u0928\u0915\u0943\u0924\u092e\u094d k\u0101la-par\u012bk\u1e63\u0101 ekonavi\u1e41\u015batitamam prakara\u1e47am n\u0101g\u0101rjuna-k\u1e5btam \u0965\u0915\u093e\u0932\u092a\u0930\u0940\u0915\u094d\u0937\u093e\u0965 &#8211; (k\u0101la -par\u012bk\u1e63\u0101) \u0430\u043d\u0430\u043b\u0438\u0437&hellip;<\/p>\n","protected":false},"author":1,"featured_media":0,"parent":0,"menu_order":0,"comment_status":"closed","ping_status":"closed","template":"","meta":{"footnotes":""},"class_list":["post-276","page","type-page","status-publish","hentry"],"_links":{"self":[{"href":"https:\/\/madhyamaka.ru\/index.php?rest_route=\/wp\/v2\/pages\/276","targetHints":{"allow":["GET"]}}],"collection":[{"href":"https:\/\/madhyamaka.ru\/index.php?rest_route=\/wp\/v2\/pages"}],"about":[{"href":"https:\/\/madhyamaka.ru\/index.php?rest_route=\/wp\/v2\/types\/page"}],"author":[{"embeddable":true,"href":"https:\/\/madhyamaka.ru\/index.php?rest_route=\/wp\/v2\/users\/1"}],"replies":[{"embeddable":true,"href":"https:\/\/madhyamaka.ru\/index.php?rest_route=%2Fwp%2Fv2%2Fcomments&post=276"}],"version-history":[{"count":2,"href":"https:\/\/madhyamaka.ru\/index.php?rest_route=\/wp\/v2\/pages\/276\/revisions"}],"predecessor-version":[{"id":279,"href":"https:\/\/madhyamaka.ru\/index.php?rest_route=\/wp\/v2\/pages\/276\/revisions\/279"}],"wp:attachment":[{"href":"https:\/\/madhyamaka.ru\/index.php?rest_route=%2Fwp%2Fv2%2Fmedia&parent=276"}],"curies":[{"name":"wp","href":"https:\/\/api.w.org\/{rel}","templated":true}]}}